{"id":277,"date":"2023-10-03T20:57:07","date_gmt":"2023-10-03T20:57:07","guid":{"rendered":"https:\/\/quinnlawoffice.com\/?page_id=277"},"modified":"2023-10-03T20:57:07","modified_gmt":"2023-10-03T20:57:07","slug":"about","status":"publish","type":"page","link":"https:\/\/estadosunidosvisa.com\/?page_id=277","title":{"rendered":"About"},"content":{"rendered":"\t\t<div data-elementor-type=\"wp-page\" data-elementor-id=\"277\" class=\"elementor elementor-277\" data-elementor-post-type=\"page\">\n\t\t\t\t\t\t\t<div class=\"elementor-element elementor-element-7562da4 e-flex e-con-boxed e-con e-parent\" data-id=\"7562da4\" data-element_type=\"container\" data-settings=\"{&quot;content_width&quot;:&quot;boxed&quot;}\" data-core-v316-plus=\"true\">\n\t\t\t\t\t<div class=\"e-con-inner\">\n\t\t\t\t<div class=\"elementor-element elementor-element-f200b10 elementor-widget elementor-widget-slider_revolution\" data-id=\"f200b10\" data-element_type=\"widget\" data-widget_type=\"slider_revolution.default\">\n\t\t\t\t<div class=\"elementor-widget-container\">\n\t\t\t\n\t\t<div class=\"wp-block-themepunch-revslider\">\t\t\t<rs-module-wrap id=\"rev_slider_error_1_wrapper\">\n\t\t\t\t<rs-module id=\"rev_slider_error_1\">\n\t\t\t\t\t<div class=\"rs_error_message_box\">\n\t\t\t\t\t\t<div class=\"rs_error_message_oops\">There is nothing to show here!<\/div>\n\t\t\t\t\t\t<div class=\"rs_error_message_content\">Slider with alias slider-8 not found.<\/div>\n\t\t\t\t\t<\/div>\n\t\t\t\t<\/rs-module>\n\t\t\t<\/rs-module-wrap>\n\t\t\t<script>\n\t\t\t\tvar rs_eslider = document.getElementById(\"rev_slider_error_1\");\n\t\t\t\trs_eslider.style.display = \"none\";\n\t\t\t\tconsole.log(\"Slider with alias slider-8 not found.\");\n\t\t\t<\/script>\n<\/div>\n\n\t\t\t\t<\/div>\n\t\t\t\t<\/div>\n\t\t\t\t\t<\/div>\n\t\t\t\t<\/div>\n\t\t<div class=\"elementor-element elementor-element-9d67c5b e-flex e-con-boxed e-con e-parent\" data-id=\"9d67c5b\" data-element_type=\"container\" data-settings=\"{&quot;content_width&quot;:&quot;boxed&quot;}\" data-core-v316-plus=\"true\">\n\t\t\t\t\t<div class=\"e-con-inner\">\n\t\t\t\t\t<\/div>\n\t\t\t\t<\/div>\n\t\t<div class=\"elementor-element elementor-element-eb5cdc1 e-flex e-con-boxed e-con e-parent\" data-id=\"eb5cdc1\" data-element_type=\"container\" data-settings=\"{&quot;content_width&quot;:&quot;boxed&quot;}\" data-core-v316-plus=\"true\">\n\t\t\t\t\t<div class=\"e-con-inner\">\n\t\t\t\t<div class=\"elementor-element elementor-element-d11ac9a elementor-widget elementor-widget-text-editor\" data-id=\"d11ac9a\" data-element_type=\"widget\" data-widget_type=\"text-editor.default\">\n\t\t\t\t<div class=\"elementor-widget-container\">\n\t\t\t<style>\/*! elementor - v3.18.0 - 20-12-2023 *\/\n.elementor-widget-text-editor.elementor-drop-cap-view-stacked .elementor-drop-cap{background-color:#69727d;color:#fff}.elementor-widget-text-editor.elementor-drop-cap-view-framed .elementor-drop-cap{color:#69727d;border:3px solid;background-color:transparent}.elementor-widget-text-editor:not(.elementor-drop-cap-view-default) .elementor-drop-cap{margin-top:8px}.elementor-widget-text-editor:not(.elementor-drop-cap-view-default) .elementor-drop-cap-letter{width:1em;height:1em}.elementor-widget-text-editor .elementor-drop-cap{float:left;text-align:center;line-height:1;font-size:50px}.elementor-widget-text-editor .elementor-drop-cap-letter{display:inline-block}<\/style>\t\t\t\t<p><a name=\"m_5489553877901718563__Hlk147765676\"><\/a><span lang=\"ES-US\">La abogada Cecilia Quinn ha ejercido la abogac\u00eda desde 2012.\u00a0 Como inmigrante, la abogada Quinn entiende los muchos desaf\u00edos que enfrentan sus clientes todos los d\u00edas, y su pr\u00e1ctica se enfoca en luchar por los derechos de sus clientes.\u00a0 Comenz\u00f3 su carrera legal trabajando para el Tribunal Superior de Los \u00c1ngeles como abogada investigadora para la divisi\u00f3n del tribunal penal.\u00a0 Al abrir su pr\u00e1ctica privada en el condado de Los \u00c1ngeles en 2012, la abogada Quinn represent\u00f3 a clientes ante tribunales federales y estatales.\u00a0 Dado que no hay dos casos iguales, a lo largo de su carrera legal, la abogada Quinn brinda representaci\u00f3n personalizada a cada uno de sus clientes.\u00a0 La abogada Quinn tiene licencia para ejercer la ley de inmigraci\u00f3n en todos los estados y territorios de los Estados Unidos y es miembro de la\u00a0<\/span><a name=\"m_5489553877901718563__Hlk147765877\"><\/a><span lang=\"ES-US\">Asociaci\u00f3n Americana de Abogados de Inmigraci\u00f3n (AILA).\u00a0<\/span><\/p><p><span lang=\"ES-US\">\u00a0<\/span><\/p>\t\t\t\t\t\t<\/div>\n\t\t\t\t<\/div>\n\t\t\t\t\t<\/div>\n\t\t\t\t<\/div>\n\t\t<div class=\"elementor-element elementor-element-8f47657 e-flex e-con-boxed e-con e-parent\" data-id=\"8f47657\" data-element_type=\"container\" data-settings=\"{&quot;content_width&quot;:&quot;boxed&quot;}\" data-core-v316-plus=\"true\">\n\t\t\t\t\t<div class=\"e-con-inner\">\n\t\t\t\t<div class=\"elementor-element elementor-element-24a2a02 elementor-widget elementor-widget-text-editor\" data-id=\"24a2a02\" data-element_type=\"widget\" data-widget_type=\"text-editor.default\">\n\t\t\t\t<div class=\"elementor-widget-container\">\n\t\t\t\t\t\t\t<p><b><u>Educaci\u00f3n<\/u><\/b><\/p><p>Juris Doctor Glendale University College of Law, Los Angeles \u2013 2012 Con Honores<\/p><p><b><u>Admisiones al Colegio de Abogados<\/u><\/b><\/p><p>California \/ Florida<\/p><p><span lang=\"ES-US\">Tribunal de Distrito de los Estados Unidos, Distrito Central de California\u00a0<\/span><\/p><p><b><u>Membres\u00edas<\/u><\/b><\/p><p><span lang=\"ES-US\">Asociaci\u00f3n Americana de Abogados de Inmigraci\u00f3n (AILA)<\/span><\/p><p><span lang=\"ES-US\">Cap\u00edtulo de FAWL del Condado de South Palm Beach<\/span><\/p>\t\t\t\t\t\t<\/div>\n\t\t\t\t<\/div>\n\t\t\t\t\t<\/div>\n\t\t\t\t<\/div>\n\t\t<div class=\"elementor-element elementor-element-9ea73de e-flex e-con-boxed e-con e-parent\" data-id=\"9ea73de\" data-element_type=\"container\" data-settings=\"{&quot;content_width&quot;:&quot;boxed&quot;}\" data-core-v316-plus=\"true\">\n\t\t\t\t\t<div class=\"e-con-inner\">\n\t\t\t\t\t<\/div>\n\t\t\t\t<\/div>\n\t\t\t\t\t\t\t<\/div>\n\t\t","protected":false},"excerpt":{"rendered":"<p>La abogada Cecilia Quinn ha ejercido la abogac\u00eda desde 2012.\u00a0 Como inmigrante, la abogada Quinn entiende los muchos desaf\u00edos que enfrentan sus clientes todos los d\u00edas, y su pr\u00e1ctica se enfoca en luchar por los derechos de sus clientes.\u00a0 Comenz\u00f3 su carrera legal trabajando para el Tribunal Superior de Los \u00c1ngeles como abogada investigadora para <a href=\"https:\/\/estadosunidosvisa.com\/?page_id=277\" class=\"more-link\">&#8230;<span class=\"screen-reader-text\">  About<\/span><\/a><\/p>\n","protected":false},"author":3,"featured_media":0,"parent":0,"menu_order":0,"comment_status":"closed","ping_status":"closed","template":"","meta":{"footnotes":""},"class_list":["post-277","page","type-page","status-publish","hentry"],"_links":{"self":[{"href":"https:\/\/estadosunidosvisa.com\/index.php?rest_route=\/wp\/v2\/pages\/277","targetHints":{"allow":["GET"]}}],"collection":[{"href":"https:\/\/estadosunidosvisa.com\/index.php?rest_route=\/wp\/v2\/pages"}],"about":[{"href":"https:\/\/estadosunidosvisa.com\/index.php?rest_route=\/wp\/v2\/types\/page"}],"author":[{"embeddable":true,"href":"https:\/\/estadosunidosvisa.com\/index.php?rest_route=\/wp\/v2\/users\/3"}],"replies":[{"embeddable":true,"href":"https:\/\/estadosunidosvisa.com\/index.php?rest_route=%2Fwp%2Fv2%2Fcomments&post=277"}],"version-history":[{"count":0,"href":"https:\/\/estadosunidosvisa.com\/index.php?rest_route=\/wp\/v2\/pages\/277\/revisions"}],"wp:attachment":[{"href":"https:\/\/estadosunidosvisa.com\/index.php?rest_route=%2Fwp%2Fv2%2Fmedia&parent=277"}],"curies":[{"name":"wp","href":"https:\/\/api.w.org\/{rel}","templated":true}]}}